{"id":30678,"date":"2021-03-10T09:42:28","date_gmt":"2021-03-10T09:42:28","guid":{"rendered":"https:\/\/beck-pollitzer.com\/sluzby\/sluzby-tykajuce-sa-strojnych-technologii\/"},"modified":"2023-03-29T10:49:16","modified_gmt":"2023-03-29T10:49:16","slug":"sluzby-tykajuce-sa-strojnych-technologii","status":"publish","type":"page","link":"https:\/\/beck-pollitzer.com\/sk\/sluzby\/sluzby-tykajuce-sa-strojnych-technologii\/","title":{"rendered":"Slu\u017eby v oblasti mont\u00e1\u017ee a demont\u00e1\u017ee strojov"},"content":{"rendered":"","protected":false},"excerpt":{"rendered":"","protected":false},"author":5,"featured_media":26510,"parent":30556,"menu_order":0,"comment_status":"closed","ping_status":"closed","template":"","meta":{"wds_primary_category":0,"wds_primary_page_template_type":0,"footnotes":""},"categories":[15],"page_template_types":[103],"class_list":["post-30678","page","type-page","status-publish","has-post-thumbnail","hentry","category-uncategorized-sk","page_template_type-machine-services-template"],"_links":{"self":[{"href":"https:\/\/beck-pollitzer.com\/sk\/wp-json\/wp\/v2\/pages\/30678","targetHints":{"allow":["GET"]}}],"collection":[{"href":"https:\/\/beck-pollitzer.com\/sk\/wp-json\/wp\/v2\/pages"}],"about":[{"href":"https:\/\/beck-pollitzer.com\/sk\/wp-json\/wp\/v2\/types\/page"}],"author":[{"embeddable":true,"href":"https:\/\/beck-pollitzer.com\/sk\/wp-json\/wp\/v2\/users\/5"}],"replies":[{"embeddable":true,"href":"https:\/\/beck-pollitzer.com\/sk\/wp-json\/wp\/v2\/comments?post=30678"}],"version-history":[{"count":0,"href":"https:\/\/beck-pollitzer.com\/sk\/wp-json\/wp\/v2\/pages\/30678\/revisions"}],"up":[{"embeddable":true,"href":"https:\/\/beck-pollitzer.com\/sk\/wp-json\/wp\/v2\/pages\/30556"}],"wp:featuredmedia":[{"embeddable":true,"href":"https:\/\/beck-pollitzer.com\/sk\/wp-json\/wp\/v2\/media\/26510"}],"wp:attachment":[{"href":"https:\/\/beck-pollitzer.com\/sk\/wp-json\/wp\/v2\/media?parent=30678"}],"wp:term":[{"taxonomy":"category","embeddable":true,"href":"https:\/\/beck-pollitzer.com\/sk\/wp-json\/wp\/v2\/categories?post=30678"},{"taxonomy":"page_template_type","embeddable":true,"href":"https:\/\/beck-pollitzer.com\/sk\/wp-json\/wp\/v2\/page_template_types?post=30678"}],"curies":[{"name":"wp","href":"https:\/\/api.w.org\/{rel}","templated":true}]}}