{"id":30557,"date":"2021-03-05T14:37:33","date_gmt":"2021-03-05T14:37:33","guid":{"rendered":"https:\/\/beck-pollitzer.com\/sluzby\/bezpecnost-a-ochrana-zdravia-pri-praci\/"},"modified":"2023-03-16T05:51:40","modified_gmt":"2023-03-16T05:51:40","slug":"bezpecnost-a-ochrana-zdravia-pri-praci","status":"publish","type":"page","link":"https:\/\/beck-pollitzer.com\/sk\/sluzby\/bezpecnost-a-ochrana-zdravia-pri-praci\/","title":{"rendered":"Bezpe\u010dnos\u0165 a ochrana zdravia pri pr\u00e1ci"},"content":{"rendered":"","protected":false},"excerpt":{"rendered":"","protected":false},"author":5,"featured_media":102047,"parent":30556,"menu_order":0,"comment_status":"closed","ping_status":"closed","template":"","meta":{"wds_primary_category":0,"wds_primary_page_template_type":0,"footnotes":""},"categories":[],"page_template_types":[102],"class_list":["post-30557","page","type-page","status-publish","has-post-thumbnail","hentry","page_template_type-health-safety-template"],"_links":{"self":[{"href":"https:\/\/beck-pollitzer.com\/sk\/wp-json\/wp\/v2\/pages\/30557","targetHints":{"allow":["GET"]}}],"collection":[{"href":"https:\/\/beck-pollitzer.com\/sk\/wp-json\/wp\/v2\/pages"}],"about":[{"href":"https:\/\/beck-pollitzer.com\/sk\/wp-json\/wp\/v2\/types\/page"}],"author":[{"embeddable":true,"href":"https:\/\/beck-pollitzer.com\/sk\/wp-json\/wp\/v2\/users\/5"}],"replies":[{"embeddable":true,"href":"https:\/\/beck-pollitzer.com\/sk\/wp-json\/wp\/v2\/comments?post=30557"}],"version-history":[{"count":0,"href":"https:\/\/beck-pollitzer.com\/sk\/wp-json\/wp\/v2\/pages\/30557\/revisions"}],"up":[{"embeddable":true,"href":"https:\/\/beck-pollitzer.com\/sk\/wp-json\/wp\/v2\/pages\/30556"}],"wp:featuredmedia":[{"embeddable":true,"href":"https:\/\/beck-pollitzer.com\/sk\/wp-json\/wp\/v2\/media\/102047"}],"wp:attachment":[{"href":"https:\/\/beck-pollitzer.com\/sk\/wp-json\/wp\/v2\/media?parent=30557"}],"wp:term":[{"taxonomy":"category","embeddable":true,"href":"https:\/\/beck-pollitzer.com\/sk\/wp-json\/wp\/v2\/categories?post=30557"},{"taxonomy":"page_template_type","embeddable":true,"href":"https:\/\/beck-pollitzer.com\/sk\/wp-json\/wp\/v2\/page_template_types?post=30557"}],"curies":[{"name":"wp","href":"https:\/\/api.w.org\/{rel}","templated":true}]}}