{"id":30546,"date":"2021-03-05T13:48:35","date_gmt":"2021-03-05T13:48:35","guid":{"rendered":"https:\/\/beck-pollitzer.com\/rychloobratkovy-spotrebny-tovar\/"},"modified":"2022-05-30T12:09:59","modified_gmt":"2022-05-30T12:09:59","slug":"rychloobratkovy-spotrebny-tovar","status":"publish","type":"page","link":"https:\/\/beck-pollitzer.com\/sk\/odvetvia\/rychloobratkovy-spotrebny-tovar\/","title":{"rendered":"R\u00fdchloobr\u00e1tkov\u00fd spotrebn\u00fd tovar"},"content":{"rendered":"","protected":false},"excerpt":{"rendered":"","protected":false},"author":5,"featured_media":0,"parent":30681,"menu_order":0,"comment_status":"closed","ping_status":"closed","template":"","meta":{"wds_primary_category":0,"wds_primary_page_template_type":0,"footnotes":""},"categories":[],"page_template_types":[96],"class_list":["post-30546","page","type-page","status-publish","hentry","page_template_type-fast-moving-consumer-goods-template"],"_links":{"self":[{"href":"https:\/\/beck-pollitzer.com\/sk\/wp-json\/wp\/v2\/pages\/30546","targetHints":{"allow":["GET"]}}],"collection":[{"href":"https:\/\/beck-pollitzer.com\/sk\/wp-json\/wp\/v2\/pages"}],"about":[{"href":"https:\/\/beck-pollitzer.com\/sk\/wp-json\/wp\/v2\/types\/page"}],"author":[{"embeddable":true,"href":"https:\/\/beck-pollitzer.com\/sk\/wp-json\/wp\/v2\/users\/5"}],"replies":[{"embeddable":true,"href":"https:\/\/beck-pollitzer.com\/sk\/wp-json\/wp\/v2\/comments?post=30546"}],"version-history":[{"count":0,"href":"https:\/\/beck-pollitzer.com\/sk\/wp-json\/wp\/v2\/pages\/30546\/revisions"}],"up":[{"embeddable":true,"href":"https:\/\/beck-pollitzer.com\/sk\/wp-json\/wp\/v2\/pages\/30681"}],"wp:attachment":[{"href":"https:\/\/beck-pollitzer.com\/sk\/wp-json\/wp\/v2\/media?parent=30546"}],"wp:term":[{"taxonomy":"category","embeddable":true,"href":"https:\/\/beck-pollitzer.com\/sk\/wp-json\/wp\/v2\/categories?post=30546"},{"taxonomy":"page_template_type","embeddable":true,"href":"https:\/\/beck-pollitzer.com\/sk\/wp-json\/wp\/v2\/page_template_types?post=30546"}],"curies":[{"name":"wp","href":"https:\/\/api.w.org\/{rel}","templated":true}]}}