{"id":30535,"date":"2020-11-02T19:17:49","date_gmt":"2020-11-02T19:17:49","guid":{"rendered":"https:\/\/beck-pollitzer.com\/privacy-policy\/"},"modified":"2026-03-24T11:25:50","modified_gmt":"2026-03-24T11:25:50","slug":"zasady-ochrany-osobnych-udajov","status":"publish","type":"page","link":"https:\/\/beck-pollitzer.com\/sk\/zasady-ochrany-osobnych-udajov\/","title":{"rendered":"Z\u00e1sady ochrany osobn\u00fdch \u00fadajov"},"content":{"rendered":"","protected":false},"excerpt":{"rendered":"","protected":false},"author":5,"featured_media":0,"parent":0,"menu_order":0,"comment_status":"closed","ping_status":"closed","template":"","meta":{"wds_primary_category":0,"wds_primary_page_template_type":0,"footnotes":""},"categories":[],"page_template_types":[109],"class_list":["post-30535","page","type-page","status-publish","hentry","page_template_type-privacy-policy-template"],"_links":{"self":[{"href":"https:\/\/beck-pollitzer.com\/sk\/wp-json\/wp\/v2\/pages\/30535","targetHints":{"allow":["GET"]}}],"collection":[{"href":"https:\/\/beck-pollitzer.com\/sk\/wp-json\/wp\/v2\/pages"}],"about":[{"href":"https:\/\/beck-pollitzer.com\/sk\/wp-json\/wp\/v2\/types\/page"}],"author":[{"embeddable":true,"href":"https:\/\/beck-pollitzer.com\/sk\/wp-json\/wp\/v2\/users\/5"}],"replies":[{"embeddable":true,"href":"https:\/\/beck-pollitzer.com\/sk\/wp-json\/wp\/v2\/comments?post=30535"}],"version-history":[{"count":0,"href":"https:\/\/beck-pollitzer.com\/sk\/wp-json\/wp\/v2\/pages\/30535\/revisions"}],"wp:attachment":[{"href":"https:\/\/beck-pollitzer.com\/sk\/wp-json\/wp\/v2\/media?parent=30535"}],"wp:term":[{"taxonomy":"category","embeddable":true,"href":"https:\/\/beck-pollitzer.com\/sk\/wp-json\/wp\/v2\/categories?post=30535"},{"taxonomy":"page_template_type","embeddable":true,"href":"https:\/\/beck-pollitzer.com\/sk\/wp-json\/wp\/v2\/page_template_types?post=30535"}],"curies":[{"name":"wp","href":"https:\/\/api.w.org\/{rel}","templated":true}]}}