{"id":29881,"date":"2021-02-17T07:30:51","date_gmt":"2021-02-17T07:30:51","guid":{"rendered":"https:\/\/beck-pollitzer.com\/przemysl-ciezki\/"},"modified":"2022-04-28T09:34:43","modified_gmt":"2022-04-28T09:34:43","slug":"przemysl-ciezki","status":"publish","type":"page","link":"https:\/\/beck-pollitzer.com\/pl\/branze\/przemysl-ciezki\/","title":{"rendered":"Przemys\u0142 ci\u0119\u017cki"},"content":{"rendered":"","protected":false},"excerpt":{"rendered":"","protected":false},"author":5,"featured_media":0,"parent":29911,"menu_order":0,"comment_status":"closed","ping_status":"closed","template":"","meta":{"wds_primary_category":0,"wds_primary_page_template_type":0,"footnotes":""},"categories":[],"page_template_types":[97],"class_list":["post-29881","page","type-page","status-publish","hentry","page_template_type-metals-minerals-template"],"_links":{"self":[{"href":"https:\/\/beck-pollitzer.com\/pl\/wp-json\/wp\/v2\/pages\/29881","targetHints":{"allow":["GET"]}}],"collection":[{"href":"https:\/\/beck-pollitzer.com\/pl\/wp-json\/wp\/v2\/pages"}],"about":[{"href":"https:\/\/beck-pollitzer.com\/pl\/wp-json\/wp\/v2\/types\/page"}],"author":[{"embeddable":true,"href":"https:\/\/beck-pollitzer.com\/pl\/wp-json\/wp\/v2\/users\/5"}],"replies":[{"embeddable":true,"href":"https:\/\/beck-pollitzer.com\/pl\/wp-json\/wp\/v2\/comments?post=29881"}],"version-history":[{"count":0,"href":"https:\/\/beck-pollitzer.com\/pl\/wp-json\/wp\/v2\/pages\/29881\/revisions"}],"up":[{"embeddable":true,"href":"https:\/\/beck-pollitzer.com\/pl\/wp-json\/wp\/v2\/pages\/29911"}],"wp:attachment":[{"href":"https:\/\/beck-pollitzer.com\/pl\/wp-json\/wp\/v2\/media?parent=29881"}],"wp:term":[{"taxonomy":"category","embeddable":true,"href":"https:\/\/beck-pollitzer.com\/pl\/wp-json\/wp\/v2\/categories?post=29881"},{"taxonomy":"page_template_type","embeddable":true,"href":"https:\/\/beck-pollitzer.com\/pl\/wp-json\/wp\/v2\/page_template_types?post=29881"}],"curies":[{"name":"wp","href":"https:\/\/api.w.org\/{rel}","templated":true}]}}