{"id":32064,"date":"2021-05-17T10:39:42","date_gmt":"2021-05-17T10:39:42","guid":{"rendered":"https:\/\/beck-pollitzer.com\/iparagak\/battery-and-electrification\/"},"modified":"2025-01-28T11:36:58","modified_gmt":"2025-01-28T11:36:58","slug":"battery-and-electrification","status":"publish","type":"page","link":"https:\/\/beck-pollitzer.com\/hu\/iparagak\/battery-and-electrification\/","title":{"rendered":"Akkumul\u00e1tor \u00e9s Villamos\u00edt\u00e1s"},"content":{"rendered":"","protected":false},"excerpt":{"rendered":"","protected":false},"author":1,"featured_media":0,"parent":30807,"menu_order":0,"comment_status":"closed","ping_status":"closed","template":"","meta":{"wds_primary_category":0,"wds_primary_page_template_type":0,"footnotes":""},"categories":[],"page_template_types":[174],"class_list":["post-32064","page","type-page","status-publish","hentry","page_template_type-battery-electrification-template"],"_links":{"self":[{"href":"https:\/\/beck-pollitzer.com\/hu\/wp-json\/wp\/v2\/pages\/32064","targetHints":{"allow":["GET"]}}],"collection":[{"href":"https:\/\/beck-pollitzer.com\/hu\/wp-json\/wp\/v2\/pages"}],"about":[{"href":"https:\/\/beck-pollitzer.com\/hu\/wp-json\/wp\/v2\/types\/page"}],"author":[{"embeddable":true,"href":"https:\/\/beck-pollitzer.com\/hu\/wp-json\/wp\/v2\/users\/1"}],"replies":[{"embeddable":true,"href":"https:\/\/beck-pollitzer.com\/hu\/wp-json\/wp\/v2\/comments?post=32064"}],"version-history":[{"count":0,"href":"https:\/\/beck-pollitzer.com\/hu\/wp-json\/wp\/v2\/pages\/32064\/revisions"}],"up":[{"embeddable":true,"href":"https:\/\/beck-pollitzer.com\/hu\/wp-json\/wp\/v2\/pages\/30807"}],"wp:attachment":[{"href":"https:\/\/beck-pollitzer.com\/hu\/wp-json\/wp\/v2\/media?parent=32064"}],"wp:term":[{"taxonomy":"category","embeddable":true,"href":"https:\/\/beck-pollitzer.com\/hu\/wp-json\/wp\/v2\/categories?post=32064"},{"taxonomy":"page_template_type","embeddable":true,"href":"https:\/\/beck-pollitzer.com\/hu\/wp-json\/wp\/v2\/page_template_types?post=32064"}],"curies":[{"name":"wp","href":"https:\/\/api.w.org\/{rel}","templated":true}]}}