{"id":30780,"date":"2021-03-11T10:23:17","date_gmt":"2021-03-11T10:23:17","guid":{"rendered":"https:\/\/beck-pollitzer.com\/gepmozgatasi-szolgaltatasok\/"},"modified":"2023-04-28T15:26:56","modified_gmt":"2023-04-28T15:26:56","slug":"gepmozgatasi-szolgaltatasok","status":"publish","type":"page","link":"https:\/\/beck-pollitzer.com\/hu\/szolgaltatasaink\/gepmozgatasi-szolgaltatasok\/","title":{"rendered":"G\u00e9pszerel\u00e9s szolg\u00e1ltat\u00e1s"},"content":{"rendered":"","protected":false},"excerpt":{"rendered":"","protected":false},"author":5,"featured_media":26505,"parent":30781,"menu_order":0,"comment_status":"closed","ping_status":"closed","template":"","meta":{"wds_primary_category":0,"wds_primary_page_template_type":0,"footnotes":""},"categories":[10],"page_template_types":[103],"class_list":["post-30780","page","type-page","status-publish","has-post-thumbnail","hentry","category-uncategorized-hu","page_template_type-machine-services-template"],"_links":{"self":[{"href":"https:\/\/beck-pollitzer.com\/hu\/wp-json\/wp\/v2\/pages\/30780","targetHints":{"allow":["GET"]}}],"collection":[{"href":"https:\/\/beck-pollitzer.com\/hu\/wp-json\/wp\/v2\/pages"}],"about":[{"href":"https:\/\/beck-pollitzer.com\/hu\/wp-json\/wp\/v2\/types\/page"}],"author":[{"embeddable":true,"href":"https:\/\/beck-pollitzer.com\/hu\/wp-json\/wp\/v2\/users\/5"}],"replies":[{"embeddable":true,"href":"https:\/\/beck-pollitzer.com\/hu\/wp-json\/wp\/v2\/comments?post=30780"}],"version-history":[{"count":0,"href":"https:\/\/beck-pollitzer.com\/hu\/wp-json\/wp\/v2\/pages\/30780\/revisions"}],"up":[{"embeddable":true,"href":"https:\/\/beck-pollitzer.com\/hu\/wp-json\/wp\/v2\/pages\/30781"}],"wp:featuredmedia":[{"embeddable":true,"href":"https:\/\/beck-pollitzer.com\/hu\/wp-json\/wp\/v2\/media\/26505"}],"wp:attachment":[{"href":"https:\/\/beck-pollitzer.com\/hu\/wp-json\/wp\/v2\/media?parent=30780"}],"wp:term":[{"taxonomy":"category","embeddable":true,"href":"https:\/\/beck-pollitzer.com\/hu\/wp-json\/wp\/v2\/categories?post=30780"},{"taxonomy":"page_template_type","embeddable":true,"href":"https:\/\/beck-pollitzer.com\/hu\/wp-json\/wp\/v2\/page_template_types?post=30780"}],"curies":[{"name":"wp","href":"https:\/\/api.w.org\/{rel}","templated":true}]}}