{"id":30778,"date":"2020-09-08T09:13:40","date_gmt":"2020-09-08T09:13:40","guid":{"rendered":"https:\/\/beck-pollitzer.com\/specialis-szolgaltatasok\/"},"modified":"2023-06-01T11:43:49","modified_gmt":"2023-06-01T11:43:49","slug":"specialis-szolgaltatasok","status":"publish","type":"page","link":"https:\/\/beck-pollitzer.com\/hu\/szolgaltatasaink\/specialis-szolgaltatasok\/","title":{"rendered":"Speci\u00e1lis szolg\u00e1ltat\u00e1sok"},"content":{"rendered":"","protected":false},"excerpt":{"rendered":"","protected":false},"author":5,"featured_media":27467,"parent":30781,"menu_order":0,"comment_status":"closed","ping_status":"closed","template":"","meta":{"wds_primary_category":0,"wds_primary_page_template_type":0,"footnotes":""},"categories":[10],"page_template_types":[104],"class_list":["post-30778","page","type-page","status-publish","has-post-thumbnail","hentry","category-uncategorized-hu","page_template_type-specialist-services-template"],"_links":{"self":[{"href":"https:\/\/beck-pollitzer.com\/hu\/wp-json\/wp\/v2\/pages\/30778","targetHints":{"allow":["GET"]}}],"collection":[{"href":"https:\/\/beck-pollitzer.com\/hu\/wp-json\/wp\/v2\/pages"}],"about":[{"href":"https:\/\/beck-pollitzer.com\/hu\/wp-json\/wp\/v2\/types\/page"}],"author":[{"embeddable":true,"href":"https:\/\/beck-pollitzer.com\/hu\/wp-json\/wp\/v2\/users\/5"}],"replies":[{"embeddable":true,"href":"https:\/\/beck-pollitzer.com\/hu\/wp-json\/wp\/v2\/comments?post=30778"}],"version-history":[{"count":0,"href":"https:\/\/beck-pollitzer.com\/hu\/wp-json\/wp\/v2\/pages\/30778\/revisions"}],"up":[{"embeddable":true,"href":"https:\/\/beck-pollitzer.com\/hu\/wp-json\/wp\/v2\/pages\/30781"}],"wp:featuredmedia":[{"embeddable":true,"href":"https:\/\/beck-pollitzer.com\/hu\/wp-json\/wp\/v2\/media\/27467"}],"wp:attachment":[{"href":"https:\/\/beck-pollitzer.com\/hu\/wp-json\/wp\/v2\/media?parent=30778"}],"wp:term":[{"taxonomy":"category","embeddable":true,"href":"https:\/\/beck-pollitzer.com\/hu\/wp-json\/wp\/v2\/categories?post=30778"},{"taxonomy":"page_template_type","embeddable":true,"href":"https:\/\/beck-pollitzer.com\/hu\/wp-json\/wp\/v2\/page_template_types?post=30778"}],"curies":[{"name":"wp","href":"https:\/\/api.w.org\/{rel}","templated":true}]}}