{"id":30768,"date":"2021-03-10T15:57:55","date_gmt":"2021-03-10T15:57:55","guid":{"rendered":"https:\/\/beck-pollitzer.com\/repulogepipar\/"},"modified":"2022-06-09T11:19:47","modified_gmt":"2022-06-09T11:19:47","slug":"repulogepipar","status":"publish","type":"page","link":"https:\/\/beck-pollitzer.com\/hu\/iparagak\/repulogepipar\/","title":{"rendered":"Rep\u00fcl\u0151g\u00e9pipar"},"content":{"rendered":"","protected":false},"excerpt":{"rendered":"","protected":false},"author":5,"featured_media":0,"parent":30807,"menu_order":0,"comment_status":"closed","ping_status":"closed","template":"","meta":{"wds_primary_category":0,"wds_primary_page_template_type":0,"footnotes":""},"categories":[],"page_template_types":[93],"class_list":["post-30768","page","type-page","status-publish","hentry","page_template_type-aerospace-template"],"_links":{"self":[{"href":"https:\/\/beck-pollitzer.com\/hu\/wp-json\/wp\/v2\/pages\/30768","targetHints":{"allow":["GET"]}}],"collection":[{"href":"https:\/\/beck-pollitzer.com\/hu\/wp-json\/wp\/v2\/pages"}],"about":[{"href":"https:\/\/beck-pollitzer.com\/hu\/wp-json\/wp\/v2\/types\/page"}],"author":[{"embeddable":true,"href":"https:\/\/beck-pollitzer.com\/hu\/wp-json\/wp\/v2\/users\/5"}],"replies":[{"embeddable":true,"href":"https:\/\/beck-pollitzer.com\/hu\/wp-json\/wp\/v2\/comments?post=30768"}],"version-history":[{"count":0,"href":"https:\/\/beck-pollitzer.com\/hu\/wp-json\/wp\/v2\/pages\/30768\/revisions"}],"up":[{"embeddable":true,"href":"https:\/\/beck-pollitzer.com\/hu\/wp-json\/wp\/v2\/pages\/30807"}],"wp:attachment":[{"href":"https:\/\/beck-pollitzer.com\/hu\/wp-json\/wp\/v2\/media?parent=30768"}],"wp:term":[{"taxonomy":"category","embeddable":true,"href":"https:\/\/beck-pollitzer.com\/hu\/wp-json\/wp\/v2\/categories?post=30768"},{"taxonomy":"page_template_type","embeddable":true,"href":"https:\/\/beck-pollitzer.com\/hu\/wp-json\/wp\/v2\/page_template_types?post=30768"}],"curies":[{"name":"wp","href":"https:\/\/api.w.org\/{rel}","templated":true}]}}