{"id":30764,"date":"2021-03-10T15:44:18","date_gmt":"2021-03-10T15:44:18","guid":{"rendered":"https:\/\/beck-pollitzer.com\/fem-es-acelgyartas\/"},"modified":"2023-06-01T11:36:57","modified_gmt":"2023-06-01T11:36:57","slug":"fem-es-acelgyartas","status":"publish","type":"page","link":"https:\/\/beck-pollitzer.com\/hu\/iparagak\/fem-es-acelgyartas\/","title":{"rendered":"F\u00e9m-, \u00e9s ac\u00e9lgy\u00e1rt\u00e1s"},"content":{"rendered":"","protected":false},"excerpt":{"rendered":"","protected":false},"author":5,"featured_media":0,"parent":30807,"menu_order":0,"comment_status":"closed","ping_status":"closed","template":"","meta":{"wds_primary_category":0,"wds_primary_page_template_type":0,"footnotes":""},"categories":[],"page_template_types":[97],"class_list":["post-30764","page","type-page","status-publish","hentry","page_template_type-metals-minerals-template"],"_links":{"self":[{"href":"https:\/\/beck-pollitzer.com\/hu\/wp-json\/wp\/v2\/pages\/30764","targetHints":{"allow":["GET"]}}],"collection":[{"href":"https:\/\/beck-pollitzer.com\/hu\/wp-json\/wp\/v2\/pages"}],"about":[{"href":"https:\/\/beck-pollitzer.com\/hu\/wp-json\/wp\/v2\/types\/page"}],"author":[{"embeddable":true,"href":"https:\/\/beck-pollitzer.com\/hu\/wp-json\/wp\/v2\/users\/5"}],"replies":[{"embeddable":true,"href":"https:\/\/beck-pollitzer.com\/hu\/wp-json\/wp\/v2\/comments?post=30764"}],"version-history":[{"count":0,"href":"https:\/\/beck-pollitzer.com\/hu\/wp-json\/wp\/v2\/pages\/30764\/revisions"}],"up":[{"embeddable":true,"href":"https:\/\/beck-pollitzer.com\/hu\/wp-json\/wp\/v2\/pages\/30807"}],"wp:attachment":[{"href":"https:\/\/beck-pollitzer.com\/hu\/wp-json\/wp\/v2\/media?parent=30764"}],"wp:term":[{"taxonomy":"category","embeddable":true,"href":"https:\/\/beck-pollitzer.com\/hu\/wp-json\/wp\/v2\/categories?post=30764"},{"taxonomy":"page_template_type","embeddable":true,"href":"https:\/\/beck-pollitzer.com\/hu\/wp-json\/wp\/v2\/page_template_types?post=30764"}],"curies":[{"name":"wp","href":"https:\/\/api.w.org\/{rel}","templated":true}]}}