{"id":105401,"date":"2026-01-27T22:13:52","date_gmt":"2026-01-27T22:13:52","guid":{"rendered":"https:\/\/beck-pollitzer.com\/services\/sante-et-securite\/"},"modified":"2026-01-27T22:13:52","modified_gmt":"2026-01-27T22:13:52","slug":"sante-et-securite","status":"publish","type":"page","link":"https:\/\/beck-pollitzer.com\/fr-ma\/services\/sante-et-securite\/","title":{"rendered":"Sant\u00e9 et S\u00e9curit\u00e9"},"content":{"rendered":"","protected":false},"excerpt":{"rendered":"","protected":false},"author":5,"featured_media":105402,"parent":105384,"menu_order":0,"comment_status":"closed","ping_status":"closed","template":"","meta":{"wds_primary_category":0,"wds_primary_page_template_type":0,"footnotes":""},"categories":[],"page_template_types":[102],"class_list":["post-105401","page","type-page","status-publish","has-post-thumbnail","hentry","page_template_type-health-safety-template"],"_links":{"self":[{"href":"https:\/\/beck-pollitzer.com\/fr-ma\/wp-json\/wp\/v2\/pages\/105401","targetHints":{"allow":["GET"]}}],"collection":[{"href":"https:\/\/beck-pollitzer.com\/fr-ma\/wp-json\/wp\/v2\/pages"}],"about":[{"href":"https:\/\/beck-pollitzer.com\/fr-ma\/wp-json\/wp\/v2\/types\/page"}],"author":[{"embeddable":true,"href":"https:\/\/beck-pollitzer.com\/fr-ma\/wp-json\/wp\/v2\/users\/5"}],"replies":[{"embeddable":true,"href":"https:\/\/beck-pollitzer.com\/fr-ma\/wp-json\/wp\/v2\/comments?post=105401"}],"version-history":[{"count":0,"href":"https:\/\/beck-pollitzer.com\/fr-ma\/wp-json\/wp\/v2\/pages\/105401\/revisions"}],"up":[{"embeddable":true,"href":"https:\/\/beck-pollitzer.com\/fr-ma\/wp-json\/wp\/v2\/pages\/105384"}],"wp:featuredmedia":[{"embeddable":true,"href":"https:\/\/beck-pollitzer.com\/fr-ma\/wp-json\/wp\/v2\/media\/105402"}],"wp:attachment":[{"href":"https:\/\/beck-pollitzer.com\/fr-ma\/wp-json\/wp\/v2\/media?parent=105401"}],"wp:term":[{"taxonomy":"category","embeddable":true,"href":"https:\/\/beck-pollitzer.com\/fr-ma\/wp-json\/wp\/v2\/categories?post=105401"},{"taxonomy":"page_template_type","embeddable":true,"href":"https:\/\/beck-pollitzer.com\/fr-ma\/wp-json\/wp\/v2\/page_template_types?post=105401"}],"curies":[{"name":"wp","href":"https:\/\/api.w.org\/{rel}","templated":true}]}}