{"id":30156,"date":"2021-02-22T10:52:27","date_gmt":"2021-02-22T10:52:27","guid":{"rendered":"https:\/\/beck-pollitzer.com\/sluzby\/specialni-sluzby\/"},"modified":"2022-05-30T11:33:10","modified_gmt":"2022-05-30T11:33:10","slug":"specialni-sluzby","status":"publish","type":"page","link":"https:\/\/beck-pollitzer.com\/cs\/sluzby\/specialni-sluzby\/","title":{"rendered":"Speci\u00e1ln\u00ed slu\u017eby"},"content":{"rendered":"","protected":false},"excerpt":{"rendered":"","protected":false},"author":5,"featured_media":27463,"parent":30153,"menu_order":0,"comment_status":"closed","ping_status":"closed","template":"","meta":{"wds_primary_category":0,"wds_primary_page_template_type":0,"footnotes":""},"categories":[6],"page_template_types":[104],"class_list":["post-30156","page","type-page","status-publish","has-post-thumbnail","hentry","category-uncategorized-cs","page_template_type-specialist-services-template"],"_links":{"self":[{"href":"https:\/\/beck-pollitzer.com\/cs\/wp-json\/wp\/v2\/pages\/30156","targetHints":{"allow":["GET"]}}],"collection":[{"href":"https:\/\/beck-pollitzer.com\/cs\/wp-json\/wp\/v2\/pages"}],"about":[{"href":"https:\/\/beck-pollitzer.com\/cs\/wp-json\/wp\/v2\/types\/page"}],"author":[{"embeddable":true,"href":"https:\/\/beck-pollitzer.com\/cs\/wp-json\/wp\/v2\/users\/5"}],"replies":[{"embeddable":true,"href":"https:\/\/beck-pollitzer.com\/cs\/wp-json\/wp\/v2\/comments?post=30156"}],"version-history":[{"count":0,"href":"https:\/\/beck-pollitzer.com\/cs\/wp-json\/wp\/v2\/pages\/30156\/revisions"}],"up":[{"embeddable":true,"href":"https:\/\/beck-pollitzer.com\/cs\/wp-json\/wp\/v2\/pages\/30153"}],"wp:featuredmedia":[{"embeddable":true,"href":"https:\/\/beck-pollitzer.com\/cs\/wp-json\/wp\/v2\/media\/27463"}],"wp:attachment":[{"href":"https:\/\/beck-pollitzer.com\/cs\/wp-json\/wp\/v2\/media?parent=30156"}],"wp:term":[{"taxonomy":"category","embeddable":true,"href":"https:\/\/beck-pollitzer.com\/cs\/wp-json\/wp\/v2\/categories?post=30156"},{"taxonomy":"page_template_type","embeddable":true,"href":"https:\/\/beck-pollitzer.com\/cs\/wp-json\/wp\/v2\/page_template_types?post=30156"}],"curies":[{"name":"wp","href":"https:\/\/api.w.org\/{rel}","templated":true}]}}