{"id":30154,"date":"2021-02-22T10:43:51","date_gmt":"2021-02-22T10:43:51","guid":{"rendered":"https:\/\/beck-pollitzer.com\/sluzby\/sluzby-relevantni-k-vyrobnim-technologiim\/"},"modified":"2023-03-30T11:02:39","modified_gmt":"2023-03-30T11:02:39","slug":"instalace-demontaz-stroju","status":"publish","type":"page","link":"https:\/\/beck-pollitzer.com\/cs\/sluzby\/instalace-demontaz-stroju\/","title":{"rendered":"Mont\u00e1\u017e &amp; demont\u00e1\u017e stroj\u016f"},"content":{"rendered":"","protected":false},"excerpt":{"rendered":"","protected":false},"author":5,"featured_media":26502,"parent":30153,"menu_order":0,"comment_status":"closed","ping_status":"closed","template":"","meta":{"wds_primary_category":0,"wds_primary_page_template_type":0,"footnotes":""},"categories":[6],"page_template_types":[103],"class_list":["post-30154","page","type-page","status-publish","has-post-thumbnail","hentry","category-uncategorized-cs","page_template_type-machine-services-template"],"_links":{"self":[{"href":"https:\/\/beck-pollitzer.com\/cs\/wp-json\/wp\/v2\/pages\/30154","targetHints":{"allow":["GET"]}}],"collection":[{"href":"https:\/\/beck-pollitzer.com\/cs\/wp-json\/wp\/v2\/pages"}],"about":[{"href":"https:\/\/beck-pollitzer.com\/cs\/wp-json\/wp\/v2\/types\/page"}],"author":[{"embeddable":true,"href":"https:\/\/beck-pollitzer.com\/cs\/wp-json\/wp\/v2\/users\/5"}],"replies":[{"embeddable":true,"href":"https:\/\/beck-pollitzer.com\/cs\/wp-json\/wp\/v2\/comments?post=30154"}],"version-history":[{"count":0,"href":"https:\/\/beck-pollitzer.com\/cs\/wp-json\/wp\/v2\/pages\/30154\/revisions"}],"up":[{"embeddable":true,"href":"https:\/\/beck-pollitzer.com\/cs\/wp-json\/wp\/v2\/pages\/30153"}],"wp:featuredmedia":[{"embeddable":true,"href":"https:\/\/beck-pollitzer.com\/cs\/wp-json\/wp\/v2\/media\/26502"}],"wp:attachment":[{"href":"https:\/\/beck-pollitzer.com\/cs\/wp-json\/wp\/v2\/media?parent=30154"}],"wp:term":[{"taxonomy":"category","embeddable":true,"href":"https:\/\/beck-pollitzer.com\/cs\/wp-json\/wp\/v2\/categories?post=30154"},{"taxonomy":"page_template_type","embeddable":true,"href":"https:\/\/beck-pollitzer.com\/cs\/wp-json\/wp\/v2\/page_template_types?post=30154"}],"curies":[{"name":"wp","href":"https:\/\/api.w.org\/{rel}","templated":true}]}}