{"id":30148,"date":"2021-02-22T10:26:19","date_gmt":"2021-02-22T10:26:19","guid":{"rendered":"https:\/\/beck-pollitzer.com\/odvetvi\/rychloobratkove-spotrebni-zbozi\/"},"modified":"2022-05-30T11:35:52","modified_gmt":"2022-05-30T11:35:52","slug":"rychloobratkove-spotrebni-zbozi","status":"publish","type":"page","link":"https:\/\/beck-pollitzer.com\/cs\/odvetvi\/rychloobratkove-spotrebni-zbozi\/","title":{"rendered":"Rychloobr\u00e1tkov\u00e9 spot\u0159ebn\u00ed zbo\u017e\u00ed"},"content":{"rendered":"","protected":false},"excerpt":{"rendered":"","protected":false},"author":5,"featured_media":0,"parent":30144,"menu_order":0,"comment_status":"closed","ping_status":"closed","template":"","meta":{"wds_primary_category":0,"wds_primary_page_template_type":0,"footnotes":""},"categories":[],"page_template_types":[96],"class_list":["post-30148","page","type-page","status-publish","hentry","page_template_type-fast-moving-consumer-goods-template"],"_links":{"self":[{"href":"https:\/\/beck-pollitzer.com\/cs\/wp-json\/wp\/v2\/pages\/30148","targetHints":{"allow":["GET"]}}],"collection":[{"href":"https:\/\/beck-pollitzer.com\/cs\/wp-json\/wp\/v2\/pages"}],"about":[{"href":"https:\/\/beck-pollitzer.com\/cs\/wp-json\/wp\/v2\/types\/page"}],"author":[{"embeddable":true,"href":"https:\/\/beck-pollitzer.com\/cs\/wp-json\/wp\/v2\/users\/5"}],"replies":[{"embeddable":true,"href":"https:\/\/beck-pollitzer.com\/cs\/wp-json\/wp\/v2\/comments?post=30148"}],"version-history":[{"count":0,"href":"https:\/\/beck-pollitzer.com\/cs\/wp-json\/wp\/v2\/pages\/30148\/revisions"}],"up":[{"embeddable":true,"href":"https:\/\/beck-pollitzer.com\/cs\/wp-json\/wp\/v2\/pages\/30144"}],"wp:attachment":[{"href":"https:\/\/beck-pollitzer.com\/cs\/wp-json\/wp\/v2\/media?parent=30148"}],"wp:term":[{"taxonomy":"category","embeddable":true,"href":"https:\/\/beck-pollitzer.com\/cs\/wp-json\/wp\/v2\/categories?post=30148"},{"taxonomy":"page_template_type","embeddable":true,"href":"https:\/\/beck-pollitzer.com\/cs\/wp-json\/wp\/v2\/page_template_types?post=30148"}],"curies":[{"name":"wp","href":"https:\/\/api.w.org\/{rel}","templated":true}]}}