{"id":104260,"date":"2026-01-05T12:58:42","date_gmt":"2026-01-05T12:58:42","guid":{"rendered":"https:\/\/beck-pollitzer.com\/odvetvi\/farmaceuticky-prumysl\/"},"modified":"2026-01-05T12:58:42","modified_gmt":"2026-01-05T12:58:42","slug":"farmaceuticky-prumysl","status":"publish","type":"page","link":"https:\/\/beck-pollitzer.com\/cs\/odvetvi\/farmaceuticky-prumysl\/","title":{"rendered":"Biologick\u00e9 v\u011bdy a farmaceutick\u00fd pr\u016fmysl"},"content":{"rendered":"","protected":false},"excerpt":{"rendered":"","protected":false},"author":1,"featured_media":0,"parent":30144,"menu_order":0,"comment_status":"closed","ping_status":"closed","template":"","meta":{"wds_primary_category":0,"wds_primary_page_template_type":0,"footnotes":""},"categories":[],"page_template_types":[386],"class_list":["post-104260","page","type-page","status-publish","hentry","page_template_type-life-sciences-pharma-template"],"_links":{"self":[{"href":"https:\/\/beck-pollitzer.com\/cs\/wp-json\/wp\/v2\/pages\/104260","targetHints":{"allow":["GET"]}}],"collection":[{"href":"https:\/\/beck-pollitzer.com\/cs\/wp-json\/wp\/v2\/pages"}],"about":[{"href":"https:\/\/beck-pollitzer.com\/cs\/wp-json\/wp\/v2\/types\/page"}],"author":[{"embeddable":true,"href":"https:\/\/beck-pollitzer.com\/cs\/wp-json\/wp\/v2\/users\/1"}],"replies":[{"embeddable":true,"href":"https:\/\/beck-pollitzer.com\/cs\/wp-json\/wp\/v2\/comments?post=104260"}],"version-history":[{"count":0,"href":"https:\/\/beck-pollitzer.com\/cs\/wp-json\/wp\/v2\/pages\/104260\/revisions"}],"up":[{"embeddable":true,"href":"https:\/\/beck-pollitzer.com\/cs\/wp-json\/wp\/v2\/pages\/30144"}],"wp:attachment":[{"href":"https:\/\/beck-pollitzer.com\/cs\/wp-json\/wp\/v2\/media?parent=104260"}],"wp:term":[{"taxonomy":"category","embeddable":true,"href":"https:\/\/beck-pollitzer.com\/cs\/wp-json\/wp\/v2\/categories?post=104260"},{"taxonomy":"page_template_type","embeddable":true,"href":"https:\/\/beck-pollitzer.com\/cs\/wp-json\/wp\/v2\/page_template_types?post=104260"}],"curies":[{"name":"wp","href":"https:\/\/api.w.org\/{rel}","templated":true}]}}